{"id":2188,"date":"2024-02-18T01:25:44","date_gmt":"2024-02-18T01:25:44","guid":{"rendered":"https:\/\/gimconsultores.com\/?page_id=2188"},"modified":"2024-03-01T23:42:23","modified_gmt":"2024-03-01T23:42:23","slug":"plataformas-3","status":"publish","type":"page","link":"https:\/\/gimconsultores.com\/?page_id=2188","title":{"rendered":"Plataformas"},"content":{"rendered":"\t\t<div data-elementor-type=\"wp-page\" data-elementor-id=\"2188\" class=\"elementor elementor-2188\">\n\t\t\t\t\t\t<section class=\"elementor-section elementor-top-section elementor-element elementor-element-4e5ce469 elementor-section-full_width elementor-section-content-middle elementor-reverse-tablet elementor-reverse-mobile elementor-section-stretched elementor-section-height-default elementor-section-height-default\" data-id=\"4e5ce469\" data-element_type=\"section\" data-settings=\"{&quot;stretch_section&quot;:&quot;section-stretched&quot;}\">\n\t\t\t\t\t\t<div class=\"elementor-container elementor-column-gap-no\">\n\t\t\t\t\t<div class=\"elementor-column elementor-col-25 elementor-top-column elementor-element elementor-element-326bbb5d\" data-id=\"326bbb5d\" data-element_type=\"column\">\n\t\t\t<div class=\"elementor-widget-wrap elementor-element-populated\">\n\t\t\t\t\t\t<div class=\"elementor-element elementor-element-64c72418 elementor-widget elementor-widget-image\" data-id=\"64c72418\" data-element_type=\"widget\" data-widget_type=\"image.default\">\n\t\t\t\t<div class=\"elementor-widget-container\">\n\t\t\t\t\t\t\t\t\t\t\t\t\t\t\t<img fetchpriority=\"high\" decoding=\"async\" width=\"696\" height=\"384\" src=\"https:\/\/gimconsultores.com\/wp\/wp-content\/uploads\/2024\/02\/HABISTAR-3-IA-1024x565.png\" class=\"attachment-large size-large wp-image-2171\" alt=\"\" srcset=\"https:\/\/gimconsultores.com\/wp\/wp-content\/uploads\/2024\/02\/HABISTAR-3-IA-1024x565.png 1024w, https:\/\/gimconsultores.com\/wp\/wp-content\/uploads\/2024\/02\/HABISTAR-3-IA-300x166.png 300w, https:\/\/gimconsultores.com\/wp\/wp-content\/uploads\/2024\/02\/HABISTAR-3-IA-768x424.png 768w, https:\/\/gimconsultores.com\/wp\/wp-content\/uploads\/2024\/02\/HABISTAR-3-IA-1536x848.png 1536w, https:\/\/gimconsultores.com\/wp\/wp-content\/uploads\/2024\/02\/HABISTAR-3-IA-2048x1131.png 2048w\" sizes=\"(max-width: 696px) 100vw, 696px\" \/>\t\t\t\t\t\t\t\t\t\t\t\t\t\t\t<\/div>\n\t\t\t\t<\/div>\n\t\t\t\t<div class=\"elementor-element elementor-element-779626e8 elementor-widget elementor-widget-image\" data-id=\"779626e8\" data-element_type=\"widget\" data-widget_type=\"image.default\">\n\t\t\t\t<div class=\"elementor-widget-container\">\n\t\t\t\t\t\t\t\t\t\t\t\t\t\t\t<img decoding=\"async\" width=\"696\" height=\"482\" src=\"https:\/\/gimconsultores.com\/wp\/wp-content\/uploads\/2024\/02\/1-1024x709.jpg\" class=\"attachment-large size-large wp-image-2172\" alt=\"\" srcset=\"https:\/\/gimconsultores.com\/wp\/wp-content\/uploads\/2024\/02\/1-1024x709.jpg 1024w, https:\/\/gimconsultores.com\/wp\/wp-content\/uploads\/2024\/02\/1-300x208.jpg 300w, https:\/\/gimconsultores.com\/wp\/wp-content\/uploads\/2024\/02\/1-768x532.jpg 768w, https:\/\/gimconsultores.com\/wp\/wp-content\/uploads\/2024\/02\/1.jpg 1038w\" sizes=\"(max-width: 696px) 100vw, 696px\" \/>\t\t\t\t\t\t\t\t\t\t\t\t\t\t\t<\/div>\n\t\t\t\t<\/div>\n\t\t\t\t\t<\/div>\n\t\t<\/div>\n\t\t\t\t<div class=\"elementor-column elementor-col-25 elementor-top-column elementor-element elementor-element-681b2991\" data-id=\"681b2991\" data-element_type=\"column\">\n\t\t\t<div class=\"elementor-widget-wrap elementor-element-populated\">\n\t\t\t\t\t\t<div class=\"elementor-element elementor-element-5337b36a elementor-widget elementor-widget-image\" data-id=\"5337b36a\" data-element_type=\"widget\" data-widget_type=\"image.default\">\n\t\t\t\t<div class=\"elementor-widget-container\">\n\t\t\t\t\t\t\t\t\t\t\t\t\t\t\t<img decoding=\"async\" width=\"696\" height=\"392\" src=\"https:\/\/gimconsultores.com\/wp\/wp-content\/uploads\/2024\/02\/Sin-titulo2-1024x576.jpg\" class=\"attachment-large size-large wp-image-2173\" alt=\"\" srcset=\"https:\/\/gimconsultores.com\/wp\/wp-content\/uploads\/2024\/02\/Sin-titulo2-1024x576.jpg 1024w, https:\/\/gimconsultores.com\/wp\/wp-content\/uploads\/2024\/02\/Sin-titulo2-300x169.jpg 300w, https:\/\/gimconsultores.com\/wp\/wp-content\/uploads\/2024\/02\/Sin-titulo2-768x432.jpg 768w, https:\/\/gimconsultores.com\/wp\/wp-content\/uploads\/2024\/02\/Sin-titulo2-1536x864.jpg 1536w, https:\/\/gimconsultores.com\/wp\/wp-content\/uploads\/2024\/02\/Sin-titulo2.jpg 1600w\" sizes=\"(max-width: 696px) 100vw, 696px\" \/>\t\t\t\t\t\t\t\t\t\t\t\t\t\t\t<\/div>\n\t\t\t\t<\/div>\n\t\t\t\t<div class=\"elementor-element elementor-element-1c0c3f34 elementor-widget__width-initial elementor-widget-mobile__width-initial elementor-widget elementor-widget-image\" data-id=\"1c0c3f34\" data-element_type=\"widget\" data-widget_type=\"image.default\">\n\t\t\t\t<div class=\"elementor-widget-container\">\n\t\t\t\t\t\t\t\t\t\t\t\t\t\t\t<img loading=\"lazy\" decoding=\"async\" width=\"583\" height=\"321\" src=\"https:\/\/gimconsultores.com\/wp\/wp-content\/uploads\/2024\/02\/PROMO-HABISTAR.png\" class=\"attachment-large size-large wp-image-2174\" alt=\"\" srcset=\"https:\/\/gimconsultores.com\/wp\/wp-content\/uploads\/2024\/02\/PROMO-HABISTAR.png 583w, https:\/\/gimconsultores.com\/wp\/wp-content\/uploads\/2024\/02\/PROMO-HABISTAR-300x165.png 300w\" sizes=\"(max-width: 583px) 100vw, 583px\" \/>\t\t\t\t\t\t\t\t\t\t\t\t\t\t\t<\/div>\n\t\t\t\t<\/div>\n\t\t\t\t\t<\/div>\n\t\t<\/div>\n\t\t\t\t<div class=\"elementor-column elementor-col-50 elementor-top-column elementor-element elementor-element-34e1c725\" data-id=\"34e1c725\" data-element_type=\"column\">\n\t\t\t<div class=\"elementor-widget-wrap elementor-element-populated\">\n\t\t\t\t\t\t<div class=\"elementor-element elementor-element-4c8d7602 elementor-widget elementor-widget-image\" data-id=\"4c8d7602\" data-element_type=\"widget\" data-widget_type=\"image.default\">\n\t\t\t\t<div class=\"elementor-widget-container\">\n\t\t\t\t\t\t\t\t\t\t\t\t\t\t\t<img loading=\"lazy\" decoding=\"async\" width=\"300\" height=\"138\" src=\"https:\/\/gimconsultores.com\/wp\/wp-content\/uploads\/2024\/02\/LOGO-HABISTAR-GRANDE-300x138.png\" class=\"attachment-medium size-medium wp-image-2175\" alt=\"\" srcset=\"https:\/\/gimconsultores.com\/wp\/wp-content\/uploads\/2024\/02\/LOGO-HABISTAR-GRANDE-300x138.png 300w, https:\/\/gimconsultores.com\/wp\/wp-content\/uploads\/2024\/02\/LOGO-HABISTAR-GRANDE-1024x472.png 1024w, https:\/\/gimconsultores.com\/wp\/wp-content\/uploads\/2024\/02\/LOGO-HABISTAR-GRANDE-768x354.png 768w, https:\/\/gimconsultores.com\/wp\/wp-content\/uploads\/2024\/02\/LOGO-HABISTAR-GRANDE-1536x707.png 1536w, https:\/\/gimconsultores.com\/wp\/wp-content\/uploads\/2024\/02\/LOGO-HABISTAR-GRANDE-2048x943.png 2048w\" sizes=\"(max-width: 300px) 100vw, 300px\" \/>\t\t\t\t\t\t\t\t\t\t\t\t\t\t\t<\/div>\n\t\t\t\t<\/div>\n\t\t\t\t<div class=\"elementor-element elementor-element-1c93e26f elementor-widget__width-initial elementor-widget elementor-widget-text-editor\" data-id=\"1c93e26f\" data-element_type=\"widget\" data-widget_type=\"text-editor.default\">\n\t\t\t\t<div class=\"elementor-widget-container\">\n\t\t\t\t\t\t\t\t\t<p>Cambia la historia y vive en armon\u00eda con <strong>HABISTAR<\/strong>, una plataforma digital en l\u00ednea para la administraci\u00f3n de Residenciales, Unidad Habitacional o de Negocio.<\/p><p>\u00a0<\/p><p>Conoce m\u00e1s de nuestro sistema:<\/p>\t\t\t\t\t\t\t\t<\/div>\n\t\t\t\t<\/div>\n\t\t\t\t<div class=\"elementor-element elementor-element-7cc0914b elementor-mobile-align-center elementor-widget elementor-widget-button\" data-id=\"7cc0914b\" data-element_type=\"widget\" data-widget_type=\"button.default\">\n\t\t\t\t<div class=\"elementor-widget-container\">\n\t\t\t\t\t\t\t\t\t<div class=\"elementor-button-wrapper\">\n\t\t\t\t\t<a class=\"elementor-button elementor-button-link elementor-size-sm\" href=\"https:\/\/habistar.gimconsultores.com\/wp\">\n\t\t\t\t\t\t<span class=\"elementor-button-content-wrapper\">\n\t\t\t\t\t\t\t\t\t<span class=\"elementor-button-text\">Da click<\/span>\n\t\t\t\t\t<\/span>\n\t\t\t\t\t<\/a>\n\t\t\t\t<\/div>\n\t\t\t\t\t\t\t\t<\/div>\n\t\t\t\t<\/div>\n\t\t\t\t\t<\/div>\n\t\t<\/div>\n\t\t\t\t\t<\/div>\n\t\t<\/section>\n\t\t\t\t<section class=\"elementor-section elementor-top-section elementor-element elementor-element-4de0339e elementor-section-content-middle elementor-section-stretched elementor-section-boxed elementor-section-height-default elementor-section-height-default\" data-id=\"4de0339e\" data-element_type=\"section\" data-settings=\"{&quot;background_background&quot;:&quot;classic&quot;,&quot;stretch_section&quot;:&quot;section-stretched&quot;}\">\n\t\t\t\t\t\t<div class=\"elementor-container elementor-column-gap-no\">\n\t\t\t\t\t<div class=\"elementor-column elementor-col-100 elementor-top-column elementor-element elementor-element-3f9c892\" data-id=\"3f9c892\" data-element_type=\"column\">\n\t\t\t<div class=\"elementor-widget-wrap elementor-element-populated\">\n\t\t\t\t\t\t<div class=\"elementor-element elementor-element-4dcc0c57 elementor-widget elementor-widget-heading\" data-id=\"4dcc0c57\" data-element_type=\"widget\" data-widget_type=\"heading.default\">\n\t\t\t\t<div class=\"elementor-widget-container\">\n\t\t\t\t\t<h4 class=\"elementor-heading-title elementor-size-default\">Plataformas<\/h4>\t\t\t\t<\/div>\n\t\t\t\t<\/div>\n\t\t\t\t<section class=\"elementor-section elementor-inner-section elementor-element elementor-element-1f6ef000 elementor-section-content-middle elementor-section-boxed elementor-section-height-default elementor-section-height-default\" data-id=\"1f6ef000\" data-element_type=\"section\">\n\t\t\t\t\t\t<div class=\"elementor-container elementor-column-gap-no\">\n\t\t\t\t\t<div class=\"elementor-column elementor-col-50 elementor-inner-column elementor-element elementor-element-6fbb1471\" data-id=\"6fbb1471\" data-element_type=\"column\">\n\t\t\t<div class=\"elementor-widget-wrap elementor-element-populated\">\n\t\t\t\t\t\t<div class=\"elementor-element elementor-element-3a3897f7 elementor-widget elementor-widget-image\" data-id=\"3a3897f7\" data-element_type=\"widget\" data-widget_type=\"image.default\">\n\t\t\t\t<div class=\"elementor-widget-container\">\n\t\t\t\t\t\t\t\t\t\t\t\t\t\t\t<img decoding=\"async\" src=\"https:\/\/gimconsultores.com\/wp\/wp-content\/uploads\/elementor\/thumbs\/Diseno-sin-titulo2-qjyvd2yhhoglofe395bnniuyhdmzf8lcnj1pymx9mg.png\" title=\"Diseno-sin-titulo2.png\" alt=\"Diseno-sin-titulo2.png\" loading=\"lazy\" \/>\t\t\t\t\t\t\t\t\t\t\t\t\t\t\t<\/div>\n\t\t\t\t<\/div>\n\t\t\t\t\t<\/div>\n\t\t<\/div>\n\t\t\t\t<div class=\"elementor-column elementor-col-50 elementor-inner-column elementor-element elementor-element-25a3a649\" data-id=\"25a3a649\" data-element_type=\"column\">\n\t\t\t<div class=\"elementor-widget-wrap elementor-element-populated\">\n\t\t\t\t\t\t<div class=\"elementor-element elementor-element-4664023c elementor-widget elementor-widget-heading\" data-id=\"4664023c\" data-element_type=\"widget\" data-widget_type=\"heading.default\">\n\t\t\t\t<div class=\"elementor-widget-container\">\n\t\t\t\t\t<h6 class=\"elementor-heading-title elementor-size-default\">HABISTAR<\/h6>\t\t\t\t<\/div>\n\t\t\t\t<\/div>\n\t\t\t\t<div class=\"elementor-element elementor-element-6347b73 elementor-widget elementor-widget-text-editor\" data-id=\"6347b73\" data-element_type=\"widget\" data-widget_type=\"text-editor.default\">\n\t\t\t\t<div class=\"elementor-widget-container\">\n\t\t\t\t\t\t\t\t\t<p><span style=\"font-family: var( --e-global-typography-text-font-family ), Sans-serif; font-weight: bolder;\">Est\u00e1 dise\u00f1ado como una plataforma que brinda informaci\u00f3n y conecta a los residentes.<\/span><strong style=\"font-family: var( --e-global-typography-text-font-family ), Sans-serif;\">\u00a0<\/strong><\/p>\t\t\t\t\t\t\t\t<\/div>\n\t\t\t\t<\/div>\n\t\t\t\t\t<\/div>\n\t\t<\/div>\n\t\t\t\t\t<\/div>\n\t\t<\/section>\n\t\t\t\t<section class=\"elementor-section elementor-inner-section elementor-element elementor-element-5c9d8e1 elementor-section-content-middle elementor-section-boxed elementor-section-height-default elementor-section-height-default\" data-id=\"5c9d8e1\" data-element_type=\"section\">\n\t\t\t\t\t\t<div class=\"elementor-container elementor-column-gap-no\">\n\t\t\t\t\t<div class=\"elementor-column elementor-col-50 elementor-inner-column elementor-element elementor-element-35e3b7d7\" data-id=\"35e3b7d7\" data-element_type=\"column\">\n\t\t\t<div class=\"elementor-widget-wrap elementor-element-populated\">\n\t\t\t\t\t\t<div class=\"elementor-element elementor-element-7ce9c0d elementor-widget elementor-widget-image\" data-id=\"7ce9c0d\" data-element_type=\"widget\" data-widget_type=\"image.default\">\n\t\t\t\t<div class=\"elementor-widget-container\">\n\t\t\t\t\t\t\t\t\t\t\t\t\t\t\t<img decoding=\"async\" src=\"https:\/\/gimconsultores.com\/wp\/wp-content\/uploads\/elementor\/thumbs\/INOVA-qjyvd4u5vcj6bnbcy64wsidvo5dpumstbscox6uha0.jpg\" title=\"INOVA.jpg\" alt=\"INOVA.jpg\" loading=\"lazy\" \/>\t\t\t\t\t\t\t\t\t\t\t\t\t\t\t<\/div>\n\t\t\t\t<\/div>\n\t\t\t\t\t<\/div>\n\t\t<\/div>\n\t\t\t\t<div class=\"elementor-column elementor-col-50 elementor-inner-column elementor-element elementor-element-7726062e\" data-id=\"7726062e\" data-element_type=\"column\">\n\t\t\t<div class=\"elementor-widget-wrap elementor-element-populated\">\n\t\t\t\t\t\t<div class=\"elementor-element elementor-element-49c94d71 elementor-widget elementor-widget-heading\" data-id=\"49c94d71\" data-element_type=\"widget\" data-widget_type=\"heading.default\">\n\t\t\t\t<div class=\"elementor-widget-container\">\n\t\t\t\t\t<h6 class=\"elementor-heading-title elementor-size-default\">SIADSEM<\/h6>\t\t\t\t<\/div>\n\t\t\t\t<\/div>\n\t\t\t\t<div class=\"elementor-element elementor-element-5fb35ad4 elementor-widget elementor-widget-text-editor\" data-id=\"5fb35ad4\" data-element_type=\"widget\" data-widget_type=\"text-editor.default\">\n\t\t\t\t<div class=\"elementor-widget-container\">\n\t\t\t\t\t\t\t\t\t<p>Plataforma en l\u00ednea para la gesti\u00f3n de tr\u00e1mites y servicios municipales, optimizaci\u00f3n de tiempos de respuesta y mejora en el volumen de certificaci\u00f3n.<\/p>\t\t\t\t\t\t\t\t<\/div>\n\t\t\t\t<\/div>\n\t\t\t\t\t<\/div>\n\t\t<\/div>\n\t\t\t\t\t<\/div>\n\t\t<\/section>\n\t\t\t\t<section class=\"elementor-section elementor-inner-section elementor-element elementor-element-da30fe2 elementor-section-content-middle elementor-section-boxed elementor-section-height-default elementor-section-height-default\" data-id=\"da30fe2\" data-element_type=\"section\">\n\t\t\t\t\t\t<div class=\"elementor-container elementor-column-gap-no\">\n\t\t\t\t\t<div class=\"elementor-column elementor-col-50 elementor-inner-column elementor-element elementor-element-bd94bf7\" data-id=\"bd94bf7\" data-element_type=\"column\">\n\t\t\t<div class=\"elementor-widget-wrap elementor-element-populated\">\n\t\t\t\t\t\t<div class=\"elementor-element elementor-element-14bfc8e elementor-widget elementor-widget-image\" data-id=\"14bfc8e\" data-element_type=\"widget\" data-widget_type=\"image.default\">\n\t\t\t\t<div class=\"elementor-widget-container\">\n\t\t\t\t\t\t\t\t\t\t\t\t\t\t\t<img decoding=\"async\" src=\"https:\/\/gimconsultores.com\/wp\/wp-content\/uploads\/elementor\/thumbs\/2-qjyvd4u5vcj6bnbcy64wsidvo5dpumstbscox6uha0.jpg\" title=\"2.jpg\" alt=\"2.jpg\" loading=\"lazy\" \/>\t\t\t\t\t\t\t\t\t\t\t\t\t\t\t<\/div>\n\t\t\t\t<\/div>\n\t\t\t\t\t<\/div>\n\t\t<\/div>\n\t\t\t\t<div class=\"elementor-column elementor-col-50 elementor-inner-column elementor-element elementor-element-95f5efd\" data-id=\"95f5efd\" data-element_type=\"column\">\n\t\t\t<div class=\"elementor-widget-wrap elementor-element-populated\">\n\t\t\t\t\t\t<div class=\"elementor-element elementor-element-ae6d3d4 elementor-widget elementor-widget-heading\" data-id=\"ae6d3d4\" data-element_type=\"widget\" data-widget_type=\"heading.default\">\n\t\t\t\t<div class=\"elementor-widget-container\">\n\t\t\t\t\t<h6 class=\"elementor-heading-title elementor-size-default\"><strong>S<\/strong>KYLINE<\/h6>\t\t\t\t<\/div>\n\t\t\t\t<\/div>\n\t\t\t\t<div class=\"elementor-element elementor-element-6dad5ca elementor-widget elementor-widget-text-editor\" data-id=\"6dad5ca\" data-element_type=\"widget\" data-widget_type=\"text-editor.default\">\n\t\t\t\t<div class=\"elementor-widget-container\">\n\t\t\t\t\t\t\t\t\t<p><strong>Sistema de gesti\u00f3n de log\u00edsticas y administraci\u00f3n integral.<\/strong><\/p>\t\t\t\t\t\t\t\t<\/div>\n\t\t\t\t<\/div>\n\t\t\t\t\t<\/div>\n\t\t<\/div>\n\t\t\t\t\t<\/div>\n\t\t<\/section>\n\t\t\t\t\t<\/div>\n\t\t<\/div>\n\t\t\t\t\t<\/div>\n\t\t<\/section>\n\t\t\t\t<section class=\"elementor-section elementor-top-section elementor-element elementor-element-13c5d4b4 elementor-section-height-min-height elementor-section-content-middle elementor-section-full_width elementor-section-stretched elementor-section-height-default elementor-section-items-middle\" data-id=\"13c5d4b4\" data-element_type=\"section\" data-settings=\"{&quot;background_background&quot;:&quot;classic&quot;,&quot;stretch_section&quot;:&quot;section-stretched&quot;}\">\n\t\t\t\t\t\t<div class=\"elementor-container elementor-column-gap-no\">\n\t\t\t\t\t<div class=\"elementor-column elementor-col-100 elementor-top-column elementor-element elementor-element-3dfd7af4\" data-id=\"3dfd7af4\" data-element_type=\"column\">\n\t\t\t<div class=\"elementor-widget-wrap elementor-element-populated\">\n\t\t\t\t\t\t<div class=\"elementor-element elementor-element-18eae099 elementor-widget elementor-widget-heading\" data-id=\"18eae099\" data-element_type=\"widget\" data-widget_type=\"heading.default\">\n\t\t\t\t<div class=\"elementor-widget-container\">\n\t\t\t\t\t<p class=\"elementor-heading-title elementor-size-default\">\u00a9All Rights Reserved by GIM CONSULTORES<\/p>\t\t\t\t<\/div>\n\t\t\t\t<\/div>\n\t\t\t\t\t<\/div>\n\t\t<\/div>\n\t\t\t\t\t<\/div>\n\t\t<\/section>\n\t\t\t\t<section class=\"elementor-section elementor-top-section elementor-element elementor-element-144b098f elementor-section-content-middle elementor-section-height-min-height elementor-section-full_width elementor-section-stretched elementor-section-height-default elementor-section-items-middle\" data-id=\"144b098f\" data-element_type=\"section\" data-settings=\"{&quot;background_background&quot;:&quot;classic&quot;,&quot;stretch_section&quot;:&quot;section-stretched&quot;}\">\n\t\t\t\t\t\t<div class=\"elementor-container elementor-column-gap-no\">\n\t\t\t\t\t<div class=\"elementor-column elementor-col-100 elementor-top-column elementor-element elementor-element-4b852ee8\" data-id=\"4b852ee8\" data-element_type=\"column\">\n\t\t\t<div class=\"elementor-widget-wrap elementor-element-populated\">\n\t\t\t\t\t\t<div class=\"elementor-element elementor-element-63ef476b elementor-widget elementor-widget-heading\" data-id=\"63ef476b\" data-element_type=\"widget\" data-widget_type=\"heading.default\">\n\t\t\t\t<div class=\"elementor-widget-container\">\n\t\t\t\t\t<h2 class=\"elementor-heading-title elementor-size-default\">Cont\u00e1ctanos<\/h2>\t\t\t\t<\/div>\n\t\t\t\t<\/div>\n\t\t\t\t<div class=\"elementor-element elementor-element-1af2166e elementor-widget elementor-widget-heading\" data-id=\"1af2166e\" data-element_type=\"widget\" data-widget_type=\"heading.default\">\n\t\t\t\t<div class=\"elementor-widget-container\">\n\t\t\t\t\t<h2 class=\"elementor-heading-title elementor-size-default\"><b>Correo:<\/b> contacto@gimconsultores.com\n<br>\n<br><\/h2>\t\t\t\t<\/div>\n\t\t\t\t<\/div>\n\t\t\t\t<div class=\"elementor-element elementor-element-691fe72b elementor-widget elementor-widget-heading\" data-id=\"691fe72b\" data-element_type=\"widget\" data-widget_type=\"heading.default\">\n\t\t\t\t<div class=\"elementor-widget-container\">\n\t\t\t\t\t<h2 class=\"elementor-heading-title elementor-size-default\"><b>WhatsApp:<\/b> +52 55 4060 5902<br>\n<br><\/h2>\t\t\t\t<\/div>\n\t\t\t\t<\/div>\n\t\t\t\t<div class=\"elementor-element elementor-element-316c7a1f elementor-align-left elementor-mobile-align-center elementor-invisible elementor-widget elementor-widget-button\" data-id=\"316c7a1f\" data-element_type=\"widget\" data-settings=\"{&quot;_animation&quot;:&quot;fadeInDown&quot;}\" data-widget_type=\"button.default\">\n\t\t\t\t<div class=\"elementor-widget-container\">\n\t\t\t\t\t\t\t\t\t<div class=\"elementor-button-wrapper\">\n\t\t\t\t\t<a class=\"elementor-button elementor-button-link elementor-size-sm\" href=\"https:\/\/gimconsultores.com\/?page_id=2204\">\n\t\t\t\t\t\t<span class=\"elementor-button-content-wrapper\">\n\t\t\t\t\t\t\t\t\t<span class=\"elementor-button-text\">Cont\u00e1ctanos<\/span>\n\t\t\t\t\t<\/span>\n\t\t\t\t\t<\/a>\n\t\t\t\t<\/div>\n\t\t\t\t\t\t\t\t<\/div>\n\t\t\t\t<\/div>\n\t\t\t\t\t<\/div>\n\t\t<\/div>\n\t\t\t\t\t<\/div>\n\t\t<\/section>\n\t\t\t\t<\/div>\n\t\t","protected":false},"excerpt":{"rendered":"<p>Cambia la historia y vive en armon\u00eda con HABISTAR, una plataforma digital en l\u00ednea para la administraci\u00f3n de Residenciales, Unidad Habitacional o de Negocio. \u00a0 Conoce m\u00e1s de nuestro sistema: Da click Plataformas HABISTAR Est\u00e1 dise\u00f1ado como una plataforma que brinda informaci\u00f3n y conecta a los residentes.\u00a0 SIADSEM Plataforma en l\u00ednea para la gesti\u00f3n de [&hellip;]<\/p>\n","protected":false},"author":1,"featured_media":0,"parent":0,"menu_order":0,"comment_status":"closed","ping_status":"closed","template":"","meta":{"footnotes":""},"class_list":["post-2188","page","type-page","status-publish","hentry"],"_links":{"self":[{"href":"https:\/\/gimconsultores.com\/index.php?rest_route=\/wp\/v2\/pages\/2188","targetHints":{"allow":["GET"]}}],"collection":[{"href":"https:\/\/gimconsultores.com\/index.php?rest_route=\/wp\/v2\/pages"}],"about":[{"href":"https:\/\/gimconsultores.com\/index.php?rest_route=\/wp\/v2\/types\/page"}],"author":[{"embeddable":true,"href":"https:\/\/gimconsultores.com\/index.php?rest_route=\/wp\/v2\/users\/1"}],"replies":[{"embeddable":true,"href":"https:\/\/gimconsultores.com\/index.php?rest_route=%2Fwp%2Fv2%2Fcomments&post=2188"}],"version-history":[{"count":13,"href":"https:\/\/gimconsultores.com\/index.php?rest_route=\/wp\/v2\/pages\/2188\/revisions"}],"predecessor-version":[{"id":2284,"href":"https:\/\/gimconsultores.com\/index.php?rest_route=\/wp\/v2\/pages\/2188\/revisions\/2284"}],"wp:attachment":[{"href":"https:\/\/gimconsultores.com\/index.php?rest_route=%2Fwp%2Fv2%2Fmedia&parent=2188"}],"curies":[{"name":"wp","href":"https:\/\/api.w.org\/{rel}","templated":true}]}}