{"id":2191,"date":"2024-02-18T01:25:44","date_gmt":"2024-02-18T01:25:44","guid":{"rendered":"https:\/\/gimconsultores.com\/?page_id=2191"},"modified":"2024-03-01T01:07:00","modified_gmt":"2024-03-01T01:07:00","slug":"portafolio-de-servicios-3","status":"publish","type":"page","link":"https:\/\/gimconsultores.com\/?page_id=2191","title":{"rendered":"Portafolio de Servicios"},"content":{"rendered":"\t\t<div data-elementor-type=\"wp-page\" data-elementor-id=\"2191\" class=\"elementor elementor-2191\">\n\t\t\t\t\t\t<section class=\"elementor-section elementor-top-section elementor-element elementor-element-435dadc0 elementor-section-content-middle elementor-section-full_width elementor-reverse-mobile elementor-section-stretched elementor-section-height-default elementor-section-height-default\" data-id=\"435dadc0\" data-element_type=\"section\" data-settings=\"{&quot;stretch_section&quot;:&quot;section-stretched&quot;}\">\n\t\t\t\t\t\t<div class=\"elementor-container elementor-column-gap-no\">\n\t\t\t\t\t<div class=\"elementor-column elementor-col-50 elementor-top-column elementor-element elementor-element-3842cf90\" data-id=\"3842cf90\" data-element_type=\"column\">\n\t\t\t<div class=\"elementor-widget-wrap elementor-element-populated\">\n\t\t\t\t\t\t<div class=\"elementor-element elementor-element-10475bc7 elementor-widget elementor-widget-heading\" data-id=\"10475bc7\" data-element_type=\"widget\" data-widget_type=\"heading.default\">\n\t\t\t\t<div class=\"elementor-widget-container\">\n\t\t\t\t\t<span class=\"elementor-heading-title elementor-size-small\"><br>Consultor\u00eda<\/span>\t\t\t\t<\/div>\n\t\t\t\t<\/div>\n\t\t\t\t<div class=\"elementor-element elementor-element-4e5cb86d elementor-widget elementor-widget-text-editor\" data-id=\"4e5cb86d\" data-element_type=\"widget\" data-widget_type=\"text-editor.default\">\n\t\t\t\t<div class=\"elementor-widget-container\">\n\t\t\t\t\t\t\t\t\t<p>Servicio de asesoramiento especializado como apoyo su organizaci\u00f3n con el objetivo de generarle soluciones espec\u00edficas a sus problemas internos, mediante una metodolog\u00eda de trabajo pr\u00e1ctica y orientada. Le ayudamos a alcanzar sus objetivos estrat\u00e9gicos, eficientar sus procesos, complementar sus soluciones, la mejora continua de su organizaci\u00f3n, buscando reducir tiempos y costos.<\/p>\t\t\t\t\t\t\t\t<\/div>\n\t\t\t\t<\/div>\n\t\t\t\t<div class=\"elementor-element elementor-element-2a85e793 elementor-widget elementor-widget-button\" data-id=\"2a85e793\" data-element_type=\"widget\" data-widget_type=\"button.default\">\n\t\t\t\t<div class=\"elementor-widget-container\">\n\t\t\t\t\t\t\t\t\t<div class=\"elementor-button-wrapper\">\n\t\t\t\t\t<a class=\"elementor-button elementor-button-link elementor-size-sm\" href=\"https:\/\/gimconsultores.com\/?page_id=2204\">\n\t\t\t\t\t\t<span class=\"elementor-button-content-wrapper\">\n\t\t\t\t\t\t\t\t\t<span class=\"elementor-button-text\">Cont\u00e1ctanos<\/span>\n\t\t\t\t\t<\/span>\n\t\t\t\t\t<\/a>\n\t\t\t\t<\/div>\n\t\t\t\t\t\t\t\t<\/div>\n\t\t\t\t<\/div>\n\t\t\t\t\t<\/div>\n\t\t<\/div>\n\t\t\t\t<div class=\"elementor-column elementor-col-50 elementor-top-column elementor-element elementor-element-4722d5d4\" data-id=\"4722d5d4\" data-element_type=\"column\">\n\t\t\t<div class=\"elementor-widget-wrap elementor-element-populated\">\n\t\t\t\t\t\t<div class=\"elementor-element elementor-element-39a65e7e elementor-widget elementor-widget-image\" data-id=\"39a65e7e\" data-element_type=\"widget\" data-widget_type=\"image.default\">\n\t\t\t\t<div class=\"elementor-widget-container\">\n\t\t\t\t\t\t\t\t\t\t\t\t\t\t\t<img fetchpriority=\"high\" decoding=\"async\" width=\"2560\" height=\"1541\" src=\"https:\/\/gimconsultores.com\/wp\/wp-content\/uploads\/2024\/02\/job-5382501-1-scaled-1.jpg\" class=\"attachment-full size-full wp-image-2183\" alt=\"\" srcset=\"https:\/\/gimconsultores.com\/wp\/wp-content\/uploads\/2024\/02\/job-5382501-1-scaled-1.jpg 2560w, https:\/\/gimconsultores.com\/wp\/wp-content\/uploads\/2024\/02\/job-5382501-1-scaled-1-300x181.jpg 300w, https:\/\/gimconsultores.com\/wp\/wp-content\/uploads\/2024\/02\/job-5382501-1-scaled-1-1024x616.jpg 1024w, https:\/\/gimconsultores.com\/wp\/wp-content\/uploads\/2024\/02\/job-5382501-1-scaled-1-768x462.jpg 768w, https:\/\/gimconsultores.com\/wp\/wp-content\/uploads\/2024\/02\/job-5382501-1-scaled-1-1536x925.jpg 1536w, https:\/\/gimconsultores.com\/wp\/wp-content\/uploads\/2024\/02\/job-5382501-1-scaled-1-2048x1233.jpg 2048w\" sizes=\"(max-width: 2560px) 100vw, 2560px\" \/>\t\t\t\t\t\t\t\t\t\t\t\t\t\t\t<\/div>\n\t\t\t\t<\/div>\n\t\t\t\t\t<\/div>\n\t\t<\/div>\n\t\t\t\t\t<\/div>\n\t\t<\/section>\n\t\t\t\t<section class=\"elementor-section elementor-top-section elementor-element elementor-element-12fc370e elementor-section-content-middle elementor-section-full_width elementor-section-stretched elementor-reverse-tablet elementor-section-height-default elementor-section-height-default\" data-id=\"12fc370e\" data-element_type=\"section\" data-settings=\"{&quot;stretch_section&quot;:&quot;section-stretched&quot;}\">\n\t\t\t\t\t\t<div class=\"elementor-container elementor-column-gap-no\">\n\t\t\t\t\t<div class=\"elementor-column elementor-col-50 elementor-top-column elementor-element elementor-element-7ff82a8b\" data-id=\"7ff82a8b\" data-element_type=\"column\">\n\t\t\t<div class=\"elementor-widget-wrap elementor-element-populated\">\n\t\t\t\t\t\t<div class=\"elementor-element elementor-element-63fa89b4 elementor-widget elementor-widget-image\" data-id=\"63fa89b4\" data-element_type=\"widget\" data-widget_type=\"image.default\">\n\t\t\t\t<div class=\"elementor-widget-container\">\n\t\t\t\t\t\t\t\t\t\t\t\t\t\t\t<img decoding=\"async\" width=\"890\" height=\"532\" src=\"https:\/\/gimconsultores.com\/wp\/wp-content\/uploads\/2024\/02\/PM.png\" class=\"attachment-full size-full wp-image-2184\" alt=\"\" srcset=\"https:\/\/gimconsultores.com\/wp\/wp-content\/uploads\/2024\/02\/PM.png 890w, https:\/\/gimconsultores.com\/wp\/wp-content\/uploads\/2024\/02\/PM-300x179.png 300w, https:\/\/gimconsultores.com\/wp\/wp-content\/uploads\/2024\/02\/PM-768x459.png 768w\" sizes=\"(max-width: 890px) 100vw, 890px\" \/>\t\t\t\t\t\t\t\t\t\t\t\t\t\t\t<\/div>\n\t\t\t\t<\/div>\n\t\t\t\t\t<\/div>\n\t\t<\/div>\n\t\t\t\t<div class=\"elementor-column elementor-col-50 elementor-top-column elementor-element elementor-element-13858c92\" data-id=\"13858c92\" data-element_type=\"column\">\n\t\t\t<div class=\"elementor-widget-wrap elementor-element-populated\">\n\t\t\t\t\t\t<div class=\"elementor-element elementor-element-2050da35 elementor-widget elementor-widget-heading\" data-id=\"2050da35\" data-element_type=\"widget\" data-widget_type=\"heading.default\">\n\t\t\t\t<div class=\"elementor-widget-container\">\n\t\t\t\t\t<span class=\"elementor-heading-title elementor-size-small\"><br>Gesti\u00f3n de Proyectos<\/span>\t\t\t\t<\/div>\n\t\t\t\t<\/div>\n\t\t\t\t<div class=\"elementor-element elementor-element-3b03839c elementor-widget elementor-widget-text-editor\" data-id=\"3b03839c\" data-element_type=\"widget\" data-widget_type=\"text-editor.default\">\n\t\t\t\t<div class=\"elementor-widget-container\">\n\t\t\t\t\t\t\t\t\t<p>Ayudamos a elegir, implementar y adaptar la mejor soluci\u00f3n con las caracter\u00edsticas que nuestros clientes requieren. Nos apoyamos de metodolog\u00edas \u00e1giles y est\u00e1ndares internacionales, con nivel de especializaci\u00f3n y profesionalismo orientado a resultados.<\/p>\t\t\t\t\t\t\t\t<\/div>\n\t\t\t\t<\/div>\n\t\t\t\t<div class=\"elementor-element elementor-element-3d77dd99 elementor-align-right elementor-widget elementor-widget-button\" data-id=\"3d77dd99\" data-element_type=\"widget\" data-widget_type=\"button.default\">\n\t\t\t\t<div class=\"elementor-widget-container\">\n\t\t\t\t\t\t\t\t\t<div class=\"elementor-button-wrapper\">\n\t\t\t\t\t<a class=\"elementor-button elementor-button-link elementor-size-sm\" href=\"https:\/\/gimconsultores.com\/?page_id=2204\">\n\t\t\t\t\t\t<span class=\"elementor-button-content-wrapper\">\n\t\t\t\t\t\t\t\t\t<span class=\"elementor-button-text\">Cont\u00e1ctanos<\/span>\n\t\t\t\t\t<\/span>\n\t\t\t\t\t<\/a>\n\t\t\t\t<\/div>\n\t\t\t\t\t\t\t\t<\/div>\n\t\t\t\t<\/div>\n\t\t\t\t\t<\/div>\n\t\t<\/div>\n\t\t\t\t\t<\/div>\n\t\t<\/section>\n\t\t\t\t<section class=\"elementor-section elementor-top-section elementor-element elementor-element-5287dfab elementor-section-content-middle elementor-section-full_width elementor-reverse-mobile elementor-section-stretched elementor-section-height-default elementor-section-height-default\" data-id=\"5287dfab\" data-element_type=\"section\" data-settings=\"{&quot;stretch_section&quot;:&quot;section-stretched&quot;}\">\n\t\t\t\t\t\t<div class=\"elementor-container elementor-column-gap-no\">\n\t\t\t\t\t<div class=\"elementor-column elementor-col-50 elementor-top-column elementor-element elementor-element-6d056a28\" data-id=\"6d056a28\" data-element_type=\"column\">\n\t\t\t<div class=\"elementor-widget-wrap elementor-element-populated\">\n\t\t\t\t\t\t<div class=\"elementor-element elementor-element-9319acf elementor-widget elementor-widget-heading\" data-id=\"9319acf\" data-element_type=\"widget\" data-widget_type=\"heading.default\">\n\t\t\t\t<div class=\"elementor-widget-container\">\n\t\t\t\t\t<span class=\"elementor-heading-title elementor-size-small\"><br>Sistema de Administraci\u00f3n Inmobiliaria<\/span>\t\t\t\t<\/div>\n\t\t\t\t<\/div>\n\t\t\t\t<div class=\"elementor-element elementor-element-259905bb elementor-widget elementor-widget-text-editor\" data-id=\"259905bb\" data-element_type=\"widget\" data-widget_type=\"text-editor.default\">\n\t\t\t\t<div class=\"elementor-widget-container\">\n\t\t\t\t\t\t\t\t\t<p>Implementamos y desarrollamos sistemas que permiten tomar decisiones con menor riesgo y mayor rapidez sobre la gesti\u00f3n de sus bienes inmuebles. Le ayudamos a generar soluciones de forma gr\u00e1fica con la integraci\u00f3n de sus bienes y activos, buscando mejorar el rendimiento operativo de sus instalaciones.<\/p>\t\t\t\t\t\t\t\t<\/div>\n\t\t\t\t<\/div>\n\t\t\t\t<div class=\"elementor-element elementor-element-353d9748 elementor-widget elementor-widget-button\" data-id=\"353d9748\" data-element_type=\"widget\" data-widget_type=\"button.default\">\n\t\t\t\t<div class=\"elementor-widget-container\">\n\t\t\t\t\t\t\t\t\t<div class=\"elementor-button-wrapper\">\n\t\t\t\t\t<a class=\"elementor-button elementor-button-link elementor-size-sm\" href=\"https:\/\/gimconsultores.com\/?page_id=2204\">\n\t\t\t\t\t\t<span class=\"elementor-button-content-wrapper\">\n\t\t\t\t\t\t\t\t\t<span class=\"elementor-button-text\">Cont\u00e1ctanos<\/span>\n\t\t\t\t\t<\/span>\n\t\t\t\t\t<\/a>\n\t\t\t\t<\/div>\n\t\t\t\t\t\t\t\t<\/div>\n\t\t\t\t<\/div>\n\t\t\t\t\t<\/div>\n\t\t<\/div>\n\t\t\t\t<div class=\"elementor-column elementor-col-50 elementor-top-column elementor-element elementor-element-56bf8a65\" data-id=\"56bf8a65\" data-element_type=\"column\">\n\t\t\t<div class=\"elementor-widget-wrap elementor-element-populated\">\n\t\t\t\t\t\t<div class=\"elementor-element elementor-element-b2f6f18 elementor-widget elementor-widget-image\" data-id=\"b2f6f18\" data-element_type=\"widget\" data-widget_type=\"image.default\">\n\t\t\t\t<div class=\"elementor-widget-container\">\n\t\t\t\t\t\t\t\t\t\t\t\t\t\t\t<img decoding=\"async\" width=\"1241\" height=\"750\" src=\"https:\/\/gimconsultores.com\/wp\/wp-content\/uploads\/2024\/02\/INMUEBLES.png\" class=\"attachment-full size-full wp-image-2185\" alt=\"\" srcset=\"https:\/\/gimconsultores.com\/wp\/wp-content\/uploads\/2024\/02\/INMUEBLES.png 1241w, https:\/\/gimconsultores.com\/wp\/wp-content\/uploads\/2024\/02\/INMUEBLES-300x181.png 300w, https:\/\/gimconsultores.com\/wp\/wp-content\/uploads\/2024\/02\/INMUEBLES-1024x619.png 1024w, https:\/\/gimconsultores.com\/wp\/wp-content\/uploads\/2024\/02\/INMUEBLES-768x464.png 768w\" sizes=\"(max-width: 1241px) 100vw, 1241px\" \/>\t\t\t\t\t\t\t\t\t\t\t\t\t\t\t<\/div>\n\t\t\t\t<\/div>\n\t\t\t\t\t<\/div>\n\t\t<\/div>\n\t\t\t\t\t<\/div>\n\t\t<\/section>\n\t\t\t\t<section class=\"elementor-section elementor-top-section elementor-element elementor-element-5b3e0e1a elementor-section-content-middle elementor-section-full_width elementor-section-stretched elementor-reverse-tablet elementor-section-height-default elementor-section-height-default\" data-id=\"5b3e0e1a\" data-element_type=\"section\" data-settings=\"{&quot;stretch_section&quot;:&quot;section-stretched&quot;}\">\n\t\t\t\t\t\t<div class=\"elementor-container elementor-column-gap-no\">\n\t\t\t\t\t<div class=\"elementor-column elementor-col-50 elementor-top-column elementor-element elementor-element-205c4365\" data-id=\"205c4365\" data-element_type=\"column\">\n\t\t\t<div class=\"elementor-widget-wrap elementor-element-populated\">\n\t\t\t\t\t\t<div class=\"elementor-element elementor-element-36320b4c elementor-widget elementor-widget-image\" data-id=\"36320b4c\" data-element_type=\"widget\" data-widget_type=\"image.default\">\n\t\t\t\t<div class=\"elementor-widget-container\">\n\t\t\t\t\t\t\t\t\t\t\t\t\t\t\t<img loading=\"lazy\" decoding=\"async\" width=\"2282\" height=\"1410\" src=\"https:\/\/gimconsultores.com\/wp\/wp-content\/uploads\/2024\/02\/APPS-DIGITAL.png\" class=\"attachment-full size-full wp-image-2186\" alt=\"\" srcset=\"https:\/\/gimconsultores.com\/wp\/wp-content\/uploads\/2024\/02\/APPS-DIGITAL.png 2282w, https:\/\/gimconsultores.com\/wp\/wp-content\/uploads\/2024\/02\/APPS-DIGITAL-300x185.png 300w, https:\/\/gimconsultores.com\/wp\/wp-content\/uploads\/2024\/02\/APPS-DIGITAL-1024x633.png 1024w, https:\/\/gimconsultores.com\/wp\/wp-content\/uploads\/2024\/02\/APPS-DIGITAL-768x475.png 768w, https:\/\/gimconsultores.com\/wp\/wp-content\/uploads\/2024\/02\/APPS-DIGITAL-1536x949.png 1536w, https:\/\/gimconsultores.com\/wp\/wp-content\/uploads\/2024\/02\/APPS-DIGITAL-2048x1265.png 2048w\" sizes=\"(max-width: 2282px) 100vw, 2282px\" \/>\t\t\t\t\t\t\t\t\t\t\t\t\t\t\t<\/div>\n\t\t\t\t<\/div>\n\t\t\t\t\t<\/div>\n\t\t<\/div>\n\t\t\t\t<div class=\"elementor-column elementor-col-50 elementor-top-column elementor-element elementor-element-23bb5fd0\" data-id=\"23bb5fd0\" data-element_type=\"column\">\n\t\t\t<div class=\"elementor-widget-wrap elementor-element-populated\">\n\t\t\t\t\t\t<div class=\"elementor-element elementor-element-39db98b7 elementor-widget elementor-widget-heading\" data-id=\"39db98b7\" data-element_type=\"widget\" data-widget_type=\"heading.default\">\n\t\t\t\t<div class=\"elementor-widget-container\">\n\t\t\t\t\t<span class=\"elementor-heading-title elementor-size-small\"><br>Desarrollo de Plataformas Digitales<\/span>\t\t\t\t<\/div>\n\t\t\t\t<\/div>\n\t\t\t\t<div class=\"elementor-element elementor-element-5aa4f491 elementor-widget elementor-widget-text-editor\" data-id=\"5aa4f491\" data-element_type=\"widget\" data-widget_type=\"text-editor.default\">\n\t\t\t\t<div class=\"elementor-widget-container\">\n\t\t\t\t\t\t\t\t\t<p>Ayudamos a conformar diversas aplicaciones o programas en un mismo lugar para convertir su problema en valor agregado para sus clientes, siempre pensando en mejorar su modelo de negocio.<\/p>\t\t\t\t\t\t\t\t<\/div>\n\t\t\t\t<\/div>\n\t\t\t\t<div class=\"elementor-element elementor-element-183d54e7 elementor-align-right elementor-widget elementor-widget-button\" data-id=\"183d54e7\" data-element_type=\"widget\" data-widget_type=\"button.default\">\n\t\t\t\t<div class=\"elementor-widget-container\">\n\t\t\t\t\t\t\t\t\t<div class=\"elementor-button-wrapper\">\n\t\t\t\t\t<a class=\"elementor-button elementor-button-link elementor-size-sm\" href=\"https:\/\/gimconsultores.com\/?page_id=2204\">\n\t\t\t\t\t\t<span class=\"elementor-button-content-wrapper\">\n\t\t\t\t\t\t\t\t\t<span class=\"elementor-button-text\">Cont\u00e1ctanos<\/span>\n\t\t\t\t\t<\/span>\n\t\t\t\t\t<\/a>\n\t\t\t\t<\/div>\n\t\t\t\t\t\t\t\t<\/div>\n\t\t\t\t<\/div>\n\t\t\t\t\t<\/div>\n\t\t<\/div>\n\t\t\t\t\t<\/div>\n\t\t<\/section>\n\t\t\t\t<section class=\"elementor-section elementor-top-section elementor-element elementor-element-70528a10 elementor-section-content-middle elementor-section-full_width elementor-reverse-mobile elementor-section-stretched elementor-section-height-default elementor-section-height-default\" data-id=\"70528a10\" data-element_type=\"section\" data-settings=\"{&quot;stretch_section&quot;:&quot;section-stretched&quot;}\">\n\t\t\t\t\t\t<div class=\"elementor-container elementor-column-gap-no\">\n\t\t\t\t\t<div class=\"elementor-column elementor-col-50 elementor-top-column elementor-element elementor-element-6af02267\" data-id=\"6af02267\" data-element_type=\"column\">\n\t\t\t<div class=\"elementor-widget-wrap elementor-element-populated\">\n\t\t\t\t\t\t<div class=\"elementor-element elementor-element-5dc6e10c elementor-widget elementor-widget-heading\" data-id=\"5dc6e10c\" data-element_type=\"widget\" data-widget_type=\"heading.default\">\n\t\t\t\t<div class=\"elementor-widget-container\">\n\t\t\t\t\t<span class=\"elementor-heading-title elementor-size-small\">Gesti\u00f3n de Infraestructura<\/span>\t\t\t\t<\/div>\n\t\t\t\t<\/div>\n\t\t\t\t<div class=\"elementor-element elementor-element-67925cce elementor-widget elementor-widget-text-editor\" data-id=\"67925cce\" data-element_type=\"widget\" data-widget_type=\"text-editor.default\">\n\t\t\t\t<div class=\"elementor-widget-container\">\n\t\t\t\t\t\t\t\t\t<p>Implementamos soluciones para dar seguimiento a su infraestructura.<\/p><p>Ayudamos a gestionar propiedades, planificaci\u00f3n de espacios, la gesti\u00f3n de mantenimiento de todo tipo de equipos dentro sus instalaciones.<\/p>\t\t\t\t\t\t\t\t<\/div>\n\t\t\t\t<\/div>\n\t\t\t\t<div class=\"elementor-element elementor-element-58578eb4 elementor-widget elementor-widget-button\" data-id=\"58578eb4\" data-element_type=\"widget\" data-widget_type=\"button.default\">\n\t\t\t\t<div class=\"elementor-widget-container\">\n\t\t\t\t\t\t\t\t\t<div class=\"elementor-button-wrapper\">\n\t\t\t\t\t<a class=\"elementor-button elementor-button-link elementor-size-sm\" href=\"https:\/\/gimconsultores.com\/?page_id=2204\">\n\t\t\t\t\t\t<span class=\"elementor-button-content-wrapper\">\n\t\t\t\t\t\t\t\t\t<span class=\"elementor-button-text\">Cont\u00e1ctanos<\/span>\n\t\t\t\t\t<\/span>\n\t\t\t\t\t<\/a>\n\t\t\t\t<\/div>\n\t\t\t\t\t\t\t\t<\/div>\n\t\t\t\t<\/div>\n\t\t\t\t\t<\/div>\n\t\t<\/div>\n\t\t\t\t<div class=\"elementor-column elementor-col-50 elementor-top-column elementor-element elementor-element-2420eaf0\" data-id=\"2420eaf0\" data-element_type=\"column\">\n\t\t\t<div class=\"elementor-widget-wrap elementor-element-populated\">\n\t\t\t\t\t\t<div class=\"elementor-element elementor-element-31d44f22 elementor-widget elementor-widget-image\" data-id=\"31d44f22\" data-element_type=\"widget\" data-widget_type=\"image.default\">\n\t\t\t\t<div class=\"elementor-widget-container\">\n\t\t\t\t\t\t\t\t\t\t\t\t\t\t\t<img loading=\"lazy\" decoding=\"async\" width=\"2397\" height=\"1505\" src=\"https:\/\/gimconsultores.com\/wp\/wp-content\/uploads\/2024\/02\/INFRA-1.png\" class=\"attachment-full size-full wp-image-2192\" alt=\"\" srcset=\"https:\/\/gimconsultores.com\/wp\/wp-content\/uploads\/2024\/02\/INFRA-1.png 2397w, https:\/\/gimconsultores.com\/wp\/wp-content\/uploads\/2024\/02\/INFRA-1-300x188.png 300w, https:\/\/gimconsultores.com\/wp\/wp-content\/uploads\/2024\/02\/INFRA-1-1024x643.png 1024w, https:\/\/gimconsultores.com\/wp\/wp-content\/uploads\/2024\/02\/INFRA-1-768x482.png 768w, https:\/\/gimconsultores.com\/wp\/wp-content\/uploads\/2024\/02\/INFRA-1-1536x964.png 1536w, https:\/\/gimconsultores.com\/wp\/wp-content\/uploads\/2024\/02\/INFRA-1-2048x1286.png 2048w\" sizes=\"(max-width: 2397px) 100vw, 2397px\" \/>\t\t\t\t\t\t\t\t\t\t\t\t\t\t\t<\/div>\n\t\t\t\t<\/div>\n\t\t\t\t\t<\/div>\n\t\t<\/div>\n\t\t\t\t\t<\/div>\n\t\t<\/section>\n\t\t\t\t<section class=\"elementor-section elementor-top-section elementor-element elementor-element-23917b90 elementor-section-content-middle elementor-section-full_width elementor-section-stretched elementor-reverse-tablet elementor-section-height-default elementor-section-height-default\" data-id=\"23917b90\" data-element_type=\"section\" data-settings=\"{&quot;stretch_section&quot;:&quot;section-stretched&quot;}\">\n\t\t\t\t\t\t<div class=\"elementor-container elementor-column-gap-no\">\n\t\t\t\t\t<div class=\"elementor-column elementor-col-50 elementor-top-column elementor-element elementor-element-3eea0c07\" data-id=\"3eea0c07\" data-element_type=\"column\">\n\t\t\t<div class=\"elementor-widget-wrap elementor-element-populated\">\n\t\t\t\t\t\t<div class=\"elementor-element elementor-element-b5a5831 elementor-widget elementor-widget-image\" data-id=\"b5a5831\" data-element_type=\"widget\" data-widget_type=\"image.default\">\n\t\t\t\t<div class=\"elementor-widget-container\">\n\t\t\t\t\t\t\t\t\t\t\t\t\t\t\t<img loading=\"lazy\" decoding=\"async\" width=\"2397\" height=\"1504\" src=\"https:\/\/gimconsultores.com\/wp\/wp-content\/uploads\/2024\/02\/DIGITALIZAR.png\" class=\"attachment-full size-full wp-image-2193\" alt=\"\" srcset=\"https:\/\/gimconsultores.com\/wp\/wp-content\/uploads\/2024\/02\/DIGITALIZAR.png 2397w, https:\/\/gimconsultores.com\/wp\/wp-content\/uploads\/2024\/02\/DIGITALIZAR-300x188.png 300w, https:\/\/gimconsultores.com\/wp\/wp-content\/uploads\/2024\/02\/DIGITALIZAR-1024x643.png 1024w, https:\/\/gimconsultores.com\/wp\/wp-content\/uploads\/2024\/02\/DIGITALIZAR-768x482.png 768w, https:\/\/gimconsultores.com\/wp\/wp-content\/uploads\/2024\/02\/DIGITALIZAR-1536x964.png 1536w, https:\/\/gimconsultores.com\/wp\/wp-content\/uploads\/2024\/02\/DIGITALIZAR-2048x1285.png 2048w\" sizes=\"(max-width: 2397px) 100vw, 2397px\" \/>\t\t\t\t\t\t\t\t\t\t\t\t\t\t\t<\/div>\n\t\t\t\t<\/div>\n\t\t\t\t\t<\/div>\n\t\t<\/div>\n\t\t\t\t<div class=\"elementor-column elementor-col-50 elementor-top-column elementor-element elementor-element-69640dc3\" data-id=\"69640dc3\" data-element_type=\"column\">\n\t\t\t<div class=\"elementor-widget-wrap elementor-element-populated\">\n\t\t\t\t\t\t<div class=\"elementor-element elementor-element-e07b8cf elementor-widget elementor-widget-heading\" data-id=\"e07b8cf\" data-element_type=\"widget\" data-widget_type=\"heading.default\">\n\t\t\t\t<div class=\"elementor-widget-container\">\n\t\t\t\t\t<span class=\"elementor-heading-title elementor-size-small\"><br>Digitalizaci\u00f3n de Procesos<\/span>\t\t\t\t<\/div>\n\t\t\t\t<\/div>\n\t\t\t\t<div class=\"elementor-element elementor-element-236982aa elementor-widget elementor-widget-text-editor\" data-id=\"236982aa\" data-element_type=\"widget\" data-widget_type=\"text-editor.default\">\n\t\t\t\t<div class=\"elementor-widget-container\">\n\t\t\t\t\t\t\t\t\t<p>Desarrollamos soluciones que mejoran sus procesos, productos y servicios adaptando sus requerimientos hacia soluciones que generen valor y reduzcan el error humano buscando aumentar la productividad y reducci\u00f3n de cotos.<\/p>\t\t\t\t\t\t\t\t<\/div>\n\t\t\t\t<\/div>\n\t\t\t\t<div class=\"elementor-element elementor-element-3e85ec3a elementor-align-right elementor-widget elementor-widget-button\" data-id=\"3e85ec3a\" data-element_type=\"widget\" data-widget_type=\"button.default\">\n\t\t\t\t<div class=\"elementor-widget-container\">\n\t\t\t\t\t\t\t\t\t<div class=\"elementor-button-wrapper\">\n\t\t\t\t\t<a class=\"elementor-button elementor-button-link elementor-size-sm\" href=\"https:\/\/gimconsultores.com\/?page_id=2204\">\n\t\t\t\t\t\t<span class=\"elementor-button-content-wrapper\">\n\t\t\t\t\t\t\t\t\t<span class=\"elementor-button-text\">Cont\u00e1ctanos<\/span>\n\t\t\t\t\t<\/span>\n\t\t\t\t\t<\/a>\n\t\t\t\t<\/div>\n\t\t\t\t\t\t\t\t<\/div>\n\t\t\t\t<\/div>\n\t\t\t\t\t<\/div>\n\t\t<\/div>\n\t\t\t\t\t<\/div>\n\t\t<\/section>\n\t\t\t\t<\/div>\n\t\t","protected":false},"excerpt":{"rendered":"<p>Consultor\u00eda Servicio de asesoramiento especializado como apoyo su organizaci\u00f3n con el objetivo de generarle soluciones espec\u00edficas a sus problemas internos, mediante una metodolog\u00eda de trabajo pr\u00e1ctica y orientada. Le ayudamos a alcanzar sus objetivos estrat\u00e9gicos, eficientar sus procesos, complementar sus soluciones, la mejora continua de su organizaci\u00f3n, buscando reducir tiempos y costos. Cont\u00e1ctanos Gesti\u00f3n de [&hellip;]<\/p>\n","protected":false},"author":1,"featured_media":0,"parent":0,"menu_order":0,"comment_status":"closed","ping_status":"closed","template":"","meta":{"footnotes":""},"class_list":["post-2191","page","type-page","status-publish","hentry"],"_links":{"self":[{"href":"https:\/\/gimconsultores.com\/index.php?rest_route=\/wp\/v2\/pages\/2191","targetHints":{"allow":["GET"]}}],"collection":[{"href":"https:\/\/gimconsultores.com\/index.php?rest_route=\/wp\/v2\/pages"}],"about":[{"href":"https:\/\/gimconsultores.com\/index.php?rest_route=\/wp\/v2\/types\/page"}],"author":[{"embeddable":true,"href":"https:\/\/gimconsultores.com\/index.php?rest_route=\/wp\/v2\/users\/1"}],"replies":[{"embeddable":true,"href":"https:\/\/gimconsultores.com\/index.php?rest_route=%2Fwp%2Fv2%2Fcomments&post=2191"}],"version-history":[{"count":22,"href":"https:\/\/gimconsultores.com\/index.php?rest_route=\/wp\/v2\/pages\/2191\/revisions"}],"predecessor-version":[{"id":2270,"href":"https:\/\/gimconsultores.com\/index.php?rest_route=\/wp\/v2\/pages\/2191\/revisions\/2270"}],"wp:attachment":[{"href":"https:\/\/gimconsultores.com\/index.php?rest_route=%2Fwp%2Fv2%2Fmedia&parent=2191"}],"curies":[{"name":"wp","href":"https:\/\/api.w.org\/{rel}","templated":true}]}}